{"id":96,"date":"2026-02-16T23:15:40","date_gmt":"2026-02-16T23:15:40","guid":{"rendered":"https:\/\/flyfishingpassion.fr\/?page_id=96"},"modified":"2026-02-21T12:38:22","modified_gmt":"2026-02-21T12:38:22","slug":"tarifs-initiations-et-perfectionnement","status":"publish","type":"page","link":"https:\/\/flyfishingpassion.fr\/?page_id=96","title":{"rendered":"Tarifs initiations, d\u00e9couverte et perfectionnement"},"content":{"rendered":"\n<div class=\"wp-block-columns is-layout-flex wp-container-core-columns-is-layout-28f84493 wp-block-columns-is-layout-flex\">\n<div class=\"wp-block-column is-layout-flow wp-block-column-is-layout-flow\">\n<figure class=\"wp-block-image aligncenter size-large is-resized is-style-rounded\"><img loading=\"lazy\" decoding=\"async\" width=\"768\" height=\"1024\" src=\"https:\/\/flyfishingpassion.fr\/wp-content\/uploads\/2026\/02\/initiation-altillac-768x1024.jpg\" alt=\"\" class=\"wp-image-140\" style=\"width:200px\" srcset=\"https:\/\/flyfishingpassion.fr\/wp-content\/uploads\/2026\/02\/initiation-altillac-768x1024.jpg 768w, https:\/\/flyfishingpassion.fr\/wp-content\/uploads\/2026\/02\/initiation-altillac-225x300.jpg 225w, https:\/\/flyfishingpassion.fr\/wp-content\/uploads\/2026\/02\/initiation-altillac-113x150.jpg 113w, https:\/\/flyfishingpassion.fr\/wp-content\/uploads\/2026\/02\/initiation-altillac-1152x1536.jpg 1152w, https:\/\/flyfishingpassion.fr\/wp-content\/uploads\/2026\/02\/initiation-altillac-1536x2048.jpg 1536w, https:\/\/flyfishingpassion.fr\/wp-content\/uploads\/2026\/02\/initiation-altillac-scaled.jpg 1920w\" sizes=\"auto, (max-width: 768px) 100vw, 768px\" \/><\/figure>\n<\/div>\n\n\n\n<div class=\"wp-block-column is-layout-flow wp-block-column-is-layout-flow\">\n<figure class=\"wp-block-image aligncenter size-large is-resized is-style-rounded\"><img loading=\"lazy\" decoding=\"async\" width=\"768\" height=\"1024\" src=\"https:\/\/flyfishingpassion.fr\/wp-content\/uploads\/2026\/02\/initiation-meyronne-768x1024.jpg\" alt=\"\" class=\"wp-image-142\" style=\"width:200px\" srcset=\"https:\/\/flyfishingpassion.fr\/wp-content\/uploads\/2026\/02\/initiation-meyronne-768x1024.jpg 768w, https:\/\/flyfishingpassion.fr\/wp-content\/uploads\/2026\/02\/initiation-meyronne-225x300.jpg 225w, https:\/\/flyfishingpassion.fr\/wp-content\/uploads\/2026\/02\/initiation-meyronne-113x150.jpg 113w, https:\/\/flyfishingpassion.fr\/wp-content\/uploads\/2026\/02\/initiation-meyronne-1152x1536.jpg 1152w, https:\/\/flyfishingpassion.fr\/wp-content\/uploads\/2026\/02\/initiation-meyronne-1536x2048.jpg 1536w, https:\/\/flyfishingpassion.fr\/wp-content\/uploads\/2026\/02\/initiation-meyronne-scaled.jpg 1920w\" sizes=\"auto, (max-width: 768px) 100vw, 768px\" \/><\/figure>\n<\/div>\n<\/div>\n\n\n\n<figure class=\"wp-block-table has-medium-font-size\"><table class=\"has-black-color has-white-background-color has-text-color has-background has-link-color has-border-color\" style=\"border-color:#2f5d73;border-width:5px\"><tbody><tr><td class=\"has-text-align-center\" data-align=\"center\"><\/td><td class=\"has-text-align-center\" data-align=\"center\"><strong>1 Adulte<\/strong><\/td><td class=\"has-text-align-center\" data-align=\"center\"><strong>2 Adultes<\/strong><\/td><td class=\"has-text-align-center\" data-align=\"center\"><strong>1 Adulte <\/strong><br><strong>et <\/strong><br><strong>1 Enfant <\/strong><br><strong>(12 \u00e0 16ans)<\/strong><\/td><td class=\"has-text-align-center\" data-align=\"center\"><strong>1 Enfants <br>de <\/strong><br><strong>(12 \u00e0 16ans)<\/strong><\/td><td class=\"has-text-align-center\" data-align=\"center\"><strong>2 Enfants <br>de <\/strong><br><strong>(12 \u00e0 16 ans)<\/strong><\/td><\/tr><tr><td class=\"has-text-align-center\" data-align=\"center\"><strong>Demi journ\u00e9e 4 heures<\/strong><br><strong>9h\/13h ou 13h\/17h<\/strong><\/td><td class=\"has-text-align-center\" data-align=\"center\"><strong>125\u20ac<\/strong><\/td><td class=\"has-text-align-center\" data-align=\"center\"><strong>200\u20ac<\/strong><\/td><td class=\"has-text-align-center\" data-align=\"center\"><strong>165\u20ac<\/strong><\/td><td class=\"has-text-align-center\" data-align=\"center\"><strong>115\u20ac<\/strong><\/td><td class=\"has-text-align-center\" data-align=\"center\"><strong>165\u20ac<\/strong><\/td><\/tr><tr><td class=\"has-text-align-center\" data-align=\"center\"><strong>Journ\u00e9e 8 heures<br>9h\/17h<\/strong><\/td><td class=\"has-text-align-center\" data-align=\"center\"><strong>230\u20ac<\/strong><\/td><td class=\"has-text-align-center\" data-align=\"center\"><strong>320\u20ac<\/strong><\/td><td class=\"has-text-align-center\" data-align=\"center\"><strong>280\u20ac<\/strong><\/td><td class=\"has-text-align-center\" data-align=\"center\"><strong>210\u20ac<\/strong><\/td><td class=\"has-text-align-center\" data-align=\"center\"><strong>280\u20ac<\/strong><\/td><\/tr><tr><td class=\"has-text-align-center\" data-align=\"center\"><strong>2 Journ\u00e9es<\/strong><\/td><td class=\"has-text-align-center\" data-align=\"center\"><strong>440\u20ac<\/strong><\/td><td class=\"has-text-align-center\" data-align=\"center\"><strong>620\u20ac<\/strong><\/td><td class=\"has-text-align-center\" data-align=\"center\"><strong>540\u20ac<\/strong><\/td><td class=\"has-text-align-center\" data-align=\"center\"><strong>410\u20ac<\/strong><\/td><td class=\"has-text-align-center\" data-align=\"center\"><strong>540\u20ac<\/strong><\/td><\/tr><\/tbody><\/table><\/figure>\n\n\n\n<div class=\"wp-block-columns has-ast-global-color-4-background-color has-text-color has-background has-link-color has-medium-font-size wp-elements-2ea5ddff0a6931bcdfc66c085fa75c43 is-layout-flex wp-container-core-columns-is-layout-28f84493 wp-block-columns-is-layout-flex\" style=\"border-top-left-radius:50px;border-top-right-radius:50px;border-bottom-left-radius:50px;border-bottom-right-radius:50px;color:#2e2e2e\">\n<div class=\"wp-block-column is-layout-flow wp-block-column-is-layout-flow\">\n<p>Tout d\u2019abord, mes tarifs incluent la mise \u00e0 disposition de tout le mat\u00e9riel n\u00e9cessaire pour pratiquer la p\u00eache \u00e0 la mouche. Cela comprend notamment la canne, le moulinet, la soie, ainsi que les mouches artificielles adapt\u00e9es.<\/p>\n\n\n\n<p>Ensuite, vous b\u00e9n\u00e9ficiez d\u2019un encadrement enti\u00e8rement individualis\u00e9, adapt\u00e9 \u00e0 votre niveau et \u00e0 vos objectifs personnels. Cela garantit une progression rapide et efficace dans des conditions optimales.<\/p>\n\n\n\n<p>Enfin, chaque initiation ou stage se d\u00e9roule sur des sites soigneusement s\u00e9lectionn\u00e9s. Ces lieux offrent un cadre id\u00e9al pour apprendre tout en profitant d\u2019une exp\u00e9rience agr\u00e9able et immersive.<\/p>\n\n\n\n<p>En r\u00e9sum\u00e9, mes tarifs sont pens\u00e9s pour r\u00e9pondre \u00e0 vos besoins sp\u00e9cifiques et vous offrir une exp\u00e9rience sur mesure et de grande qualit\u00e9.<\/p>\n\n\n\n<p class=\"has-text-align-center\">Informations compl\u00e9mentaires<\/p>\n\n\n\n<p>Par ailleurs, pour des sorties \u00e0 la carte ou des demandes sp\u00e9cifiques, telles que des sessions pour groupes, entreprises ou \u00e9v\u00e9nements particuliers, je suis \u00e0 votre disposition. Vous pouvez me contacter directement pour que je vous propose un devis personnalis\u00e9 et enti\u00e8rement adapt\u00e9 \u00e0 vos attentes.<\/p>\n\n\n\n<p>De plus, toutes les r\u00e9servations incluent des recommandations d\u00e9taill\u00e9es sur l\u2019\u00e9quipement personnel \u00e0 pr\u00e9voir. Pour profiter pleinement de votre session, pensez \u00e0 porter une tenue ad\u00e9quate, des bottes, une casquette ou un chapeau, ainsi que des lunettes de soleil si n\u00e9cessaire.<\/p>\n\n\n\n<p>Offrez-vous ou offrez \u00e0 vos proches une exp\u00e9rience unique et enrichissante. N\u2019h\u00e9sitez pas \u00e0 me contacter d\u00e8s aujourd\u2019hui pour discuter de la formule qui vous convient le mieux\u202f.<\/p>\n\n\n\n<p>lionel leveque, votre Moniteur Guide de P\u00eache<\/p>\n<\/div>\n<\/div>\n","protected":false},"excerpt":{"rendered":"<p>1 Adulte 2 Adultes 1 Adulte et 1 Enfant (12 \u00e0 16ans) 1 Enfants de (12 \u00e0 16ans) 2 Enfants [&hellip;]<\/p>\n","protected":false},"author":1,"featured_media":0,"parent":0,"menu_order":0,"comment_status":"closed","ping_status":"closed","template":"","meta":{"site-sidebar-layout":"default","site-content-layout":"","ast-site-content-layout":"default","site-content-style":"default","site-sidebar-style":"default","ast-global-header-display":"","ast-banner-title-visibility":"","ast-main-header-display":"","ast-hfb-above-header-display":"","ast-hfb-below-header-display":"","ast-hfb-mobile-header-display":"","site-post-title":"","ast-breadcrumbs-content":"","ast-featured-img":"","footer-sml-layout":"","ast-disable-related-posts":"","theme-transparent-header-meta":"","adv-header-id-meta":"","stick-header-meta":"","header-above-stick-meta":"","header-main-stick-meta":"","header-below-stick-meta":"","astra-migrate-meta-layouts":"default","ast-page-background-enabled":"default","ast-page-background-meta":{"desktop":{"background-color":"var(--ast-global-color-5)","background-image":"","background-repeat":"repeat","background-position":"center center","background-size":"auto","background-attachment":"scroll","background-type":"","background-media":"","overlay-type":"","overlay-color":"","overlay-opacity":"","overlay-gradient":""},"tablet":{"background-color":"","background-image":"","background-repeat":"repeat","background-position":"center center","background-size":"auto","background-attachment":"scroll","background-type":"","background-media":"","overlay-type":"","overlay-color":"","overlay-opacity":"","overlay-gradient":""},"mobile":{"background-color":"","background-image":"","background-repeat":"repeat","background-position":"center center","background-size":"auto","background-attachment":"scroll","background-type":"","background-media":"","overlay-type":"","overlay-color":"","overlay-opacity":"","overlay-gradient":""}},"ast-content-background-meta":{"desktop":{"background-color":"var(--ast-global-color-4)","background-image":"","background-repeat":"repeat","background-position":"center center","background-size":"auto","background-attachment":"scroll","background-type":"","background-media":"","overlay-type":"","overlay-color":"","overlay-opacity":"","overlay-gradient":""},"tablet":{"background-color":"var(--ast-global-color-4)","background-image":"","background-repeat":"repeat","background-position":"center center","background-size":"auto","background-attachment":"scroll","background-type":"","background-media":"","overlay-type":"","overlay-color":"","overlay-opacity":"","overlay-gradient":""},"mobile":{"background-color":"var(--ast-global-color-4)","background-image":"","background-repeat":"repeat","background-position":"center center","background-size":"auto","background-attachment":"scroll","background-type":"","background-media":"","overlay-type":"","overlay-color":"","overlay-opacity":"","overlay-gradient":""}},"footnotes":""},"class_list":["post-96","page","type-page","status-publish","hentry"],"yoast_head":"<!-- This site is optimized with the Yoast SEO plugin v27.3 - https:\/\/yoast.com\/product\/yoast-seo-wordpress\/ -->\n<title>Tarifs initiations, d\u00e9couverte et perfectionnement - Lionel leveque<\/title>\n<meta name=\"description\" content=\"Lionel leveque moniteur guide de p\u00eache \u00e0 la mouche en Corr\u00e8ze, sur la Dordogne en vall\u00e9e Corr\u00e9zienne et Lotoise. Initiation, d\u00e9couverte...\" \/>\n<meta name=\"robots\" content=\"index, follow, max-snippet:-1, max-image-preview:large, max-video-preview:-1\" \/>\n<link rel=\"canonical\" href=\"https:\/\/flyfishingpassion.fr\/?page_id=96\" \/>\n<meta property=\"og:locale\" content=\"fr_FR\" \/>\n<meta property=\"og:type\" content=\"article\" \/>\n<meta property=\"og:title\" content=\"Tarifs initiations, d\u00e9couverte et perfectionnement - Lionel leveque\" \/>\n<meta property=\"og:description\" content=\"Lionel leveque moniteur guide de p\u00eache \u00e0 la mouche en Corr\u00e8ze, sur la Dordogne en vall\u00e9e Corr\u00e9zienne et Lotoise. Initiation, d\u00e9couverte...\" \/>\n<meta property=\"og:url\" content=\"https:\/\/flyfishingpassion.fr\/?page_id=96\" \/>\n<meta property=\"og:site_name\" content=\"Lionel leveque\" \/>\n<meta property=\"article:modified_time\" content=\"2026-02-21T12:38:22+00:00\" \/>\n<meta property=\"og:image\" content=\"https:\/\/flyfishingpassion.fr\/wp-content\/uploads\/2026\/02\/initiation-altillac-scaled.jpg\" \/>\n\t<meta property=\"og:image:width\" content=\"1920\" \/>\n\t<meta property=\"og:image:height\" content=\"2560\" \/>\n\t<meta property=\"og:image:type\" content=\"image\/jpeg\" \/>\n<meta name=\"twitter:card\" content=\"summary_large_image\" \/>\n<meta name=\"twitter:label1\" content=\"Dur\u00e9e de lecture estim\u00e9e\" \/>\n\t<meta name=\"twitter:data1\" content=\"2 minutes\" \/>\n<script type=\"application\/ld+json\" class=\"yoast-schema-graph\">{\"@context\":\"https:\\\/\\\/schema.org\",\"@graph\":[{\"@type\":\"WebPage\",\"@id\":\"https:\\\/\\\/flyfishingpassion.fr\\\/?page_id=96\",\"url\":\"https:\\\/\\\/flyfishingpassion.fr\\\/?page_id=96\",\"name\":\"Tarifs initiations, d\u00e9couverte et perfectionnement - Lionel leveque\",\"isPartOf\":{\"@id\":\"https:\\\/\\\/flyfishingpassion.fr\\\/#website\"},\"primaryImageOfPage\":{\"@id\":\"https:\\\/\\\/flyfishingpassion.fr\\\/?page_id=96#primaryimage\"},\"image\":{\"@id\":\"https:\\\/\\\/flyfishingpassion.fr\\\/?page_id=96#primaryimage\"},\"thumbnailUrl\":\"https:\\\/\\\/flyfishingpassion.fr\\\/wp-content\\\/uploads\\\/2026\\\/02\\\/initiation-altillac-768x1024.jpg\",\"datePublished\":\"2026-02-16T23:15:40+00:00\",\"dateModified\":\"2026-02-21T12:38:22+00:00\",\"description\":\"Lionel leveque moniteur guide de p\u00eache \u00e0 la mouche en Corr\u00e8ze, sur la Dordogne en vall\u00e9e Corr\u00e9zienne et Lotoise. Initiation, d\u00e9couverte...\",\"breadcrumb\":{\"@id\":\"https:\\\/\\\/flyfishingpassion.fr\\\/?page_id=96#breadcrumb\"},\"inLanguage\":\"fr-FR\",\"potentialAction\":[{\"@type\":\"ReadAction\",\"target\":[\"https:\\\/\\\/flyfishingpassion.fr\\\/?page_id=96\"]}]},{\"@type\":\"ImageObject\",\"inLanguage\":\"fr-FR\",\"@id\":\"https:\\\/\\\/flyfishingpassion.fr\\\/?page_id=96#primaryimage\",\"url\":\"https:\\\/\\\/flyfishingpassion.fr\\\/wp-content\\\/uploads\\\/2026\\\/02\\\/initiation-altillac-scaled.jpg\",\"contentUrl\":\"https:\\\/\\\/flyfishingpassion.fr\\\/wp-content\\\/uploads\\\/2026\\\/02\\\/initiation-altillac-scaled.jpg\",\"width\":1920,\"height\":2560},{\"@type\":\"BreadcrumbList\",\"@id\":\"https:\\\/\\\/flyfishingpassion.fr\\\/?page_id=96#breadcrumb\",\"itemListElement\":[{\"@type\":\"ListItem\",\"position\":1,\"name\":\"Accueil\",\"item\":\"https:\\\/\\\/flyfishingpassion.fr\\\/\"},{\"@type\":\"ListItem\",\"position\":2,\"name\":\"Tarifs initiations, d\u00e9couverte et perfectionnement\"}]},{\"@type\":\"WebSite\",\"@id\":\"https:\\\/\\\/flyfishingpassion.fr\\\/#website\",\"url\":\"https:\\\/\\\/flyfishingpassion.fr\\\/\",\"name\":\"Lionel leveque\",\"description\":\"Moniteur guide de p\u00eache \u00e0 la mouche en Corr\u00e8ze\",\"publisher\":{\"@id\":\"https:\\\/\\\/flyfishingpassion.fr\\\/#organization\"},\"potentialAction\":[{\"@type\":\"SearchAction\",\"target\":{\"@type\":\"EntryPoint\",\"urlTemplate\":\"https:\\\/\\\/flyfishingpassion.fr\\\/?s={search_term_string}\"},\"query-input\":{\"@type\":\"PropertyValueSpecification\",\"valueRequired\":true,\"valueName\":\"search_term_string\"}}],\"inLanguage\":\"fr-FR\"},{\"@type\":\"Organization\",\"@id\":\"https:\\\/\\\/flyfishingpassion.fr\\\/#organization\",\"name\":\"Lionel leveque\",\"url\":\"https:\\\/\\\/flyfishingpassion.fr\\\/\",\"logo\":{\"@type\":\"ImageObject\",\"inLanguage\":\"fr-FR\",\"@id\":\"https:\\\/\\\/flyfishingpassion.fr\\\/#\\\/schema\\\/logo\\\/image\\\/\",\"url\":\"https:\\\/\\\/flyfishingpassion.fr\\\/wp-content\\\/uploads\\\/2026\\\/02\\\/cropped-logo_png-sans-arriere-plan-1.png\",\"contentUrl\":\"https:\\\/\\\/flyfishingpassion.fr\\\/wp-content\\\/uploads\\\/2026\\\/02\\\/cropped-logo_png-sans-arriere-plan-1.png\",\"width\":610,\"height\":329,\"caption\":\"Lionel leveque\"},\"image\":{\"@id\":\"https:\\\/\\\/flyfishingpassion.fr\\\/#\\\/schema\\\/logo\\\/image\\\/\"}}]}<\/script>\n<!-- \/ Yoast SEO plugin. -->","yoast_head_json":{"title":"Tarifs initiations, d\u00e9couverte et perfectionnement - Lionel leveque","description":"Lionel leveque moniteur guide de p\u00eache \u00e0 la mouche en Corr\u00e8ze, sur la Dordogne en vall\u00e9e Corr\u00e9zienne et Lotoise. Initiation, d\u00e9couverte...","robots":{"index":"index","follow":"follow","max-snippet":"max-snippet:-1","max-image-preview":"max-image-preview:large","max-video-preview":"max-video-preview:-1"},"canonical":"https:\/\/flyfishingpassion.fr\/?page_id=96","og_locale":"fr_FR","og_type":"article","og_title":"Tarifs initiations, d\u00e9couverte et perfectionnement - Lionel leveque","og_description":"Lionel leveque moniteur guide de p\u00eache \u00e0 la mouche en Corr\u00e8ze, sur la Dordogne en vall\u00e9e Corr\u00e9zienne et Lotoise. Initiation, d\u00e9couverte...","og_url":"https:\/\/flyfishingpassion.fr\/?page_id=96","og_site_name":"Lionel leveque","article_modified_time":"2026-02-21T12:38:22+00:00","og_image":[{"width":1920,"height":2560,"url":"https:\/\/flyfishingpassion.fr\/wp-content\/uploads\/2026\/02\/initiation-altillac-scaled.jpg","type":"image\/jpeg"}],"twitter_card":"summary_large_image","twitter_misc":{"Dur\u00e9e de lecture estim\u00e9e":"2 minutes"},"schema":{"@context":"https:\/\/schema.org","@graph":[{"@type":"WebPage","@id":"https:\/\/flyfishingpassion.fr\/?page_id=96","url":"https:\/\/flyfishingpassion.fr\/?page_id=96","name":"Tarifs initiations, d\u00e9couverte et perfectionnement - Lionel leveque","isPartOf":{"@id":"https:\/\/flyfishingpassion.fr\/#website"},"primaryImageOfPage":{"@id":"https:\/\/flyfishingpassion.fr\/?page_id=96#primaryimage"},"image":{"@id":"https:\/\/flyfishingpassion.fr\/?page_id=96#primaryimage"},"thumbnailUrl":"https:\/\/flyfishingpassion.fr\/wp-content\/uploads\/2026\/02\/initiation-altillac-768x1024.jpg","datePublished":"2026-02-16T23:15:40+00:00","dateModified":"2026-02-21T12:38:22+00:00","description":"Lionel leveque moniteur guide de p\u00eache \u00e0 la mouche en Corr\u00e8ze, sur la Dordogne en vall\u00e9e Corr\u00e9zienne et Lotoise. Initiation, d\u00e9couverte...","breadcrumb":{"@id":"https:\/\/flyfishingpassion.fr\/?page_id=96#breadcrumb"},"inLanguage":"fr-FR","potentialAction":[{"@type":"ReadAction","target":["https:\/\/flyfishingpassion.fr\/?page_id=96"]}]},{"@type":"ImageObject","inLanguage":"fr-FR","@id":"https:\/\/flyfishingpassion.fr\/?page_id=96#primaryimage","url":"https:\/\/flyfishingpassion.fr\/wp-content\/uploads\/2026\/02\/initiation-altillac-scaled.jpg","contentUrl":"https:\/\/flyfishingpassion.fr\/wp-content\/uploads\/2026\/02\/initiation-altillac-scaled.jpg","width":1920,"height":2560},{"@type":"BreadcrumbList","@id":"https:\/\/flyfishingpassion.fr\/?page_id=96#breadcrumb","itemListElement":[{"@type":"ListItem","position":1,"name":"Accueil","item":"https:\/\/flyfishingpassion.fr\/"},{"@type":"ListItem","position":2,"name":"Tarifs initiations, d\u00e9couverte et perfectionnement"}]},{"@type":"WebSite","@id":"https:\/\/flyfishingpassion.fr\/#website","url":"https:\/\/flyfishingpassion.fr\/","name":"Lionel leveque","description":"Moniteur guide de p\u00eache \u00e0 la mouche en Corr\u00e8ze","publisher":{"@id":"https:\/\/flyfishingpassion.fr\/#organization"},"potentialAction":[{"@type":"SearchAction","target":{"@type":"EntryPoint","urlTemplate":"https:\/\/flyfishingpassion.fr\/?s={search_term_string}"},"query-input":{"@type":"PropertyValueSpecification","valueRequired":true,"valueName":"search_term_string"}}],"inLanguage":"fr-FR"},{"@type":"Organization","@id":"https:\/\/flyfishingpassion.fr\/#organization","name":"Lionel leveque","url":"https:\/\/flyfishingpassion.fr\/","logo":{"@type":"ImageObject","inLanguage":"fr-FR","@id":"https:\/\/flyfishingpassion.fr\/#\/schema\/logo\/image\/","url":"https:\/\/flyfishingpassion.fr\/wp-content\/uploads\/2026\/02\/cropped-logo_png-sans-arriere-plan-1.png","contentUrl":"https:\/\/flyfishingpassion.fr\/wp-content\/uploads\/2026\/02\/cropped-logo_png-sans-arriere-plan-1.png","width":610,"height":329,"caption":"Lionel leveque"},"image":{"@id":"https:\/\/flyfishingpassion.fr\/#\/schema\/logo\/image\/"}}]}},"_links":{"self":[{"href":"https:\/\/flyfishingpassion.fr\/index.php?rest_route=\/wp\/v2\/pages\/96","targetHints":{"allow":["GET"]}}],"collection":[{"href":"https:\/\/flyfishingpassion.fr\/index.php?rest_route=\/wp\/v2\/pages"}],"about":[{"href":"https:\/\/flyfishingpassion.fr\/index.php?rest_route=\/wp\/v2\/types\/page"}],"author":[{"embeddable":true,"href":"https:\/\/flyfishingpassion.fr\/index.php?rest_route=\/wp\/v2\/users\/1"}],"replies":[{"embeddable":true,"href":"https:\/\/flyfishingpassion.fr\/index.php?rest_route=%2Fwp%2Fv2%2Fcomments&post=96"}],"version-history":[{"count":10,"href":"https:\/\/flyfishingpassion.fr\/index.php?rest_route=\/wp\/v2\/pages\/96\/revisions"}],"predecessor-version":[{"id":510,"href":"https:\/\/flyfishingpassion.fr\/index.php?rest_route=\/wp\/v2\/pages\/96\/revisions\/510"}],"wp:attachment":[{"href":"https:\/\/flyfishingpassion.fr\/index.php?rest_route=%2Fwp%2Fv2%2Fmedia&parent=96"}],"curies":[{"name":"wp","href":"https:\/\/api.w.org\/{rel}","templated":true}]}}