{"id":85,"date":"2026-02-16T23:11:36","date_gmt":"2026-02-16T23:11:36","guid":{"rendered":"https:\/\/flyfishingpassion.fr\/?page_id=85"},"modified":"2026-02-21T12:37:57","modified_gmt":"2026-02-21T12:37:57","slug":"tarifs-guidage-peche-a-la-mouche","status":"publish","type":"page","link":"https:\/\/flyfishingpassion.fr\/?page_id=85","title":{"rendered":"Tarifs guidage p\u00eache \u00e0 la mouche et nymphe au fil"},"content":{"rendered":"\n<div class=\"wp-block-columns is-layout-flex wp-container-core-columns-is-layout-28f84493 wp-block-columns-is-layout-flex\">\n<div class=\"wp-block-column is-layout-flow wp-block-column-is-layout-flow\">\n<figure class=\"wp-block-image aligncenter size-full is-resized is-style-rounded\"><img loading=\"lazy\" decoding=\"async\" width=\"900\" height=\"587\" src=\"https:\/\/flyfishingpassion.fr\/wp-content\/uploads\/2026\/02\/truite-2-bis-webp.webp\" alt=\"\" class=\"wp-image-131\" style=\"width:200px\" srcset=\"https:\/\/flyfishingpassion.fr\/wp-content\/uploads\/2026\/02\/truite-2-bis-webp.webp 900w, https:\/\/flyfishingpassion.fr\/wp-content\/uploads\/2026\/02\/truite-2-bis-webp-300x196.webp 300w, https:\/\/flyfishingpassion.fr\/wp-content\/uploads\/2026\/02\/truite-2-bis-webp-150x98.webp 150w, https:\/\/flyfishingpassion.fr\/wp-content\/uploads\/2026\/02\/truite-2-bis-webp-768x501.webp 768w\" sizes=\"auto, (max-width: 900px) 100vw, 900px\" \/><\/figure>\n<\/div>\n<\/div>\n\n\n\n<figure class=\"wp-block-table has-medium-font-size\"><table class=\"has-ast-global-color-4-background-color has-text-color has-background has-link-color has-border-color\" style=\"color:#2e2e2e;border-color:#2f5d73;border-width:5px\"><tbody><tr><td class=\"has-text-align-center\" data-align=\"center\"><strong>1 Adulte<\/strong><\/td><td class=\"has-text-align-center\" data-align=\"center\"><strong>2 Adultes<\/strong><\/td><td class=\"has-text-align-center\" data-align=\"center\"><strong>1 Adulte <\/strong><br><strong>et <br>1 Enfant <br>de<br>(12 \u00e0 16ans)<\/strong><\/td><td class=\"has-text-align-center\" data-align=\"center\"><strong>1 Enfant <br>de <br>(12 \u00e0 16ans)<\/strong><\/td><\/tr><tr><td class=\"has-text-align-center\" data-align=\"center\"><strong>230\u20ac<\/strong><\/td><td class=\"has-text-align-center\" data-align=\"center\"><strong>340\u20ac<\/strong><\/td><td class=\"has-text-align-center\" data-align=\"center\"><strong>380\u20ac<\/strong><\/td><td class=\"has-text-align-center\" data-align=\"center\"><strong>190\u20ac<\/strong><\/td><\/tr><\/tbody><\/table><\/figure>\n\n\n\n<div class=\"wp-block-columns has-ast-global-color-4-background-color has-text-color has-background has-link-color has-medium-font-size wp-elements-c22e15121a8ac5edca4294590e329030 is-layout-flex wp-container-core-columns-is-layout-28f84493 wp-block-columns-is-layout-flex\" style=\"border-top-left-radius:50px;border-top-right-radius:50px;border-bottom-left-radius:50px;border-bottom-right-radius:50px;color:#2e2e2e\">\n<div class=\"wp-block-column is-layout-flow wp-block-column-is-layout-flow\">\n<p>Lorsque vous cherchez une exp\u00e9rience inoubliable de p\u00eache, le guidage en wading est une excellente option. Ce type de p\u00eache vous permet de vous immerger pleinement dans la nature tout en perfectionnant vos techniques. Le tarif guidage p\u00eache en wading propos\u00e9 par personne.<\/p>\n\n\n\n<p>Premi\u00e8rement, il est essentiel de noter que mes tarifs varient en fonction du nombre de participants et l&rsquo;\u00e2ge pour les plus les plus jeunes. Pour une session individuelle adulte d&rsquo;une journ\u00e9e, le tarif est de 230 \u20ac. Cette formule convient parfaitement aux d\u00e9butants souhaitant d\u00e9couvrir les bases du wading ou aux p\u00eacheurs confirm\u00e9s cherchant \u00e0 cibler des techniques sp\u00e9cifiques.<\/p>\n\n\n\n<p> Cela inclut non seulement un accompagnement personnalis\u00e9, mais aussi des conseils approfondis sur la lecture des cours d\u2019eau et le choix des mouches.<\/p>\n\n\n\n<p>Par ailleurs, pour ceux qui souhaitent partager cette exp\u00e9rience \u00e0 plusieurs, des tarifs de groupe sont disponibles. Pour deux adultes, le tarif est de 340\u20ac pour une journ\u00e9e. Ainsi, vous b\u00e9n\u00e9ficiez d\u2019un apprentissage collectif tout en r\u00e9duisant les co\u00fbts par personne.<\/p>\n\n\n\n<p>Enfin, sachez que tout le mat\u00e9riel n\u00e9cessaire est fourni, les cannes et les accessoires. Cependant, vous \u00eates libres d\u2019apporter votre propre \u00e9quipement si vous le souhaitez.<\/p>\n\n\n\n<p>En conclusion, mes tarifs sont con\u00e7us pour offrir une exp\u00e9rience \u00e0 la fois accessible et enrichissante. Quel que soit votre niveau, le guidage en wading vous garantit des moments m\u00e9morables au bord de l\u2019eau. N\u2019h\u00e9sitez pas \u00e0 me contacter pour r\u00e9server votre session.<\/p>\n\n\n\n<p>lionel leveque, votre Moniteur Guide de P\u00eache<\/p>\n<\/div>\n<\/div>\n","protected":false},"excerpt":{"rendered":"<p>1 Adulte 2 Adultes 1 Adulte et 1 Enfant de(12 \u00e0 16ans) 1 Enfant de (12 \u00e0 16ans) 230\u20ac 340\u20ac [&hellip;]<\/p>\n","protected":false},"author":1,"featured_media":0,"parent":0,"menu_order":0,"comment_status":"closed","ping_status":"closed","template":"","meta":{"site-sidebar-layout":"default","site-content-layout":"","ast-site-content-layout":"default","site-content-style":"default","site-sidebar-style":"default","ast-global-header-display":"","ast-banner-title-visibility":"","ast-main-header-display":"","ast-hfb-above-header-display":"","ast-hfb-below-header-display":"","ast-hfb-mobile-header-display":"","site-post-title":"","ast-breadcrumbs-content":"","ast-featured-img":"","footer-sml-layout":"","ast-disable-related-posts":"","theme-transparent-header-meta":"","adv-header-id-meta":"","stick-header-meta":"","header-above-stick-meta":"","header-main-stick-meta":"","header-below-stick-meta":"","astra-migrate-meta-layouts":"default","ast-page-background-enabled":"default","ast-page-background-meta":{"desktop":{"background-color":"var(--ast-global-color-5)","background-image":"","background-repeat":"repeat","background-position":"center center","background-size":"auto","background-attachment":"scroll","background-type":"","background-media":"","overlay-type":"","overlay-color":"","overlay-opacity":"","overlay-gradient":""},"tablet":{"background-color":"","background-image":"","background-repeat":"repeat","background-position":"center center","background-size":"auto","background-attachment":"scroll","background-type":"","background-media":"","overlay-type":"","overlay-color":"","overlay-opacity":"","overlay-gradient":""},"mobile":{"background-color":"","background-image":"","background-repeat":"repeat","background-position":"center center","background-size":"auto","background-attachment":"scroll","background-type":"","background-media":"","overlay-type":"","overlay-color":"","overlay-opacity":"","overlay-gradient":""}},"ast-content-background-meta":{"desktop":{"background-color":"var(--ast-global-color-4)","background-image":"","background-repeat":"repeat","background-position":"center center","background-size":"auto","background-attachment":"scroll","background-type":"","background-media":"","overlay-type":"","overlay-color":"","overlay-opacity":"","overlay-gradient":""},"tablet":{"background-color":"var(--ast-global-color-4)","background-image":"","background-repeat":"repeat","background-position":"center center","background-size":"auto","background-attachment":"scroll","background-type":"","background-media":"","overlay-type":"","overlay-color":"","overlay-opacity":"","overlay-gradient":""},"mobile":{"background-color":"var(--ast-global-color-4)","background-image":"","background-repeat":"repeat","background-position":"center center","background-size":"auto","background-attachment":"scroll","background-type":"","background-media":"","overlay-type":"","overlay-color":"","overlay-opacity":"","overlay-gradient":""}},"footnotes":""},"class_list":["post-85","page","type-page","status-publish","hentry"],"yoast_head":"<!-- This site is optimized with the Yoast SEO plugin v27.3 - https:\/\/yoast.com\/product\/yoast-seo-wordpress\/ -->\n<title>Tarifs guidage p\u00eache \u00e0 la mouche et nymphe au fil - Lionel leveque<\/title>\n<meta name=\"description\" content=\"Lionel leveque moniteur guide de p\u00eache \u00e0 la mouche en Corr\u00e8ze, sur la Dordogne en vall\u00e9e Corr\u00e9zienne et Lotoise. Initiation, d\u00e9couverte...\" \/>\n<meta name=\"robots\" content=\"index, follow, max-snippet:-1, max-image-preview:large, max-video-preview:-1\" \/>\n<link rel=\"canonical\" href=\"https:\/\/flyfishingpassion.fr\/?page_id=85\" \/>\n<meta property=\"og:locale\" content=\"fr_FR\" \/>\n<meta property=\"og:type\" content=\"article\" \/>\n<meta property=\"og:title\" content=\"Tarifs guidage p\u00eache \u00e0 la mouche et nymphe au fil - Lionel leveque\" \/>\n<meta property=\"og:description\" content=\"Lionel leveque moniteur guide de p\u00eache \u00e0 la mouche en Corr\u00e8ze, sur la Dordogne en vall\u00e9e Corr\u00e9zienne et Lotoise. Initiation, d\u00e9couverte...\" \/>\n<meta property=\"og:url\" content=\"https:\/\/flyfishingpassion.fr\/?page_id=85\" \/>\n<meta property=\"og:site_name\" content=\"Lionel leveque\" \/>\n<meta property=\"article:modified_time\" content=\"2026-02-21T12:37:57+00:00\" \/>\n<meta property=\"og:image\" content=\"https:\/\/flyfishingpassion.fr\/wp-content\/uploads\/2026\/02\/truite-2-bis-webp.webp\" \/>\n\t<meta property=\"og:image:width\" content=\"900\" \/>\n\t<meta property=\"og:image:height\" content=\"587\" \/>\n\t<meta property=\"og:image:type\" content=\"image\/webp\" \/>\n<meta name=\"twitter:card\" content=\"summary_large_image\" \/>\n<meta name=\"twitter:label1\" content=\"Dur\u00e9e de lecture estim\u00e9e\" \/>\n\t<meta name=\"twitter:data1\" content=\"2 minutes\" \/>\n<script type=\"application\/ld+json\" class=\"yoast-schema-graph\">{\"@context\":\"https:\\\/\\\/schema.org\",\"@graph\":[{\"@type\":\"WebPage\",\"@id\":\"https:\\\/\\\/flyfishingpassion.fr\\\/?page_id=85\",\"url\":\"https:\\\/\\\/flyfishingpassion.fr\\\/?page_id=85\",\"name\":\"Tarifs guidage p\u00eache \u00e0 la mouche et nymphe au fil - Lionel leveque\",\"isPartOf\":{\"@id\":\"https:\\\/\\\/flyfishingpassion.fr\\\/#website\"},\"primaryImageOfPage\":{\"@id\":\"https:\\\/\\\/flyfishingpassion.fr\\\/?page_id=85#primaryimage\"},\"image\":{\"@id\":\"https:\\\/\\\/flyfishingpassion.fr\\\/?page_id=85#primaryimage\"},\"thumbnailUrl\":\"https:\\\/\\\/flyfishingpassion.fr\\\/wp-content\\\/uploads\\\/2026\\\/02\\\/truite-2-bis-webp.webp\",\"datePublished\":\"2026-02-16T23:11:36+00:00\",\"dateModified\":\"2026-02-21T12:37:57+00:00\",\"description\":\"Lionel leveque moniteur guide de p\u00eache \u00e0 la mouche en Corr\u00e8ze, sur la Dordogne en vall\u00e9e Corr\u00e9zienne et Lotoise. Initiation, d\u00e9couverte...\",\"breadcrumb\":{\"@id\":\"https:\\\/\\\/flyfishingpassion.fr\\\/?page_id=85#breadcrumb\"},\"inLanguage\":\"fr-FR\",\"potentialAction\":[{\"@type\":\"ReadAction\",\"target\":[\"https:\\\/\\\/flyfishingpassion.fr\\\/?page_id=85\"]}]},{\"@type\":\"ImageObject\",\"inLanguage\":\"fr-FR\",\"@id\":\"https:\\\/\\\/flyfishingpassion.fr\\\/?page_id=85#primaryimage\",\"url\":\"https:\\\/\\\/flyfishingpassion.fr\\\/wp-content\\\/uploads\\\/2026\\\/02\\\/truite-2-bis-webp.webp\",\"contentUrl\":\"https:\\\/\\\/flyfishingpassion.fr\\\/wp-content\\\/uploads\\\/2026\\\/02\\\/truite-2-bis-webp.webp\",\"width\":900,\"height\":587},{\"@type\":\"BreadcrumbList\",\"@id\":\"https:\\\/\\\/flyfishingpassion.fr\\\/?page_id=85#breadcrumb\",\"itemListElement\":[{\"@type\":\"ListItem\",\"position\":1,\"name\":\"Accueil\",\"item\":\"https:\\\/\\\/flyfishingpassion.fr\\\/\"},{\"@type\":\"ListItem\",\"position\":2,\"name\":\"Tarifs guidage p\u00eache \u00e0 la mouche et nymphe au fil\"}]},{\"@type\":\"WebSite\",\"@id\":\"https:\\\/\\\/flyfishingpassion.fr\\\/#website\",\"url\":\"https:\\\/\\\/flyfishingpassion.fr\\\/\",\"name\":\"Lionel leveque\",\"description\":\"Moniteur guide de p\u00eache \u00e0 la mouche en Corr\u00e8ze\",\"publisher\":{\"@id\":\"https:\\\/\\\/flyfishingpassion.fr\\\/#organization\"},\"potentialAction\":[{\"@type\":\"SearchAction\",\"target\":{\"@type\":\"EntryPoint\",\"urlTemplate\":\"https:\\\/\\\/flyfishingpassion.fr\\\/?s={search_term_string}\"},\"query-input\":{\"@type\":\"PropertyValueSpecification\",\"valueRequired\":true,\"valueName\":\"search_term_string\"}}],\"inLanguage\":\"fr-FR\"},{\"@type\":\"Organization\",\"@id\":\"https:\\\/\\\/flyfishingpassion.fr\\\/#organization\",\"name\":\"Lionel leveque\",\"url\":\"https:\\\/\\\/flyfishingpassion.fr\\\/\",\"logo\":{\"@type\":\"ImageObject\",\"inLanguage\":\"fr-FR\",\"@id\":\"https:\\\/\\\/flyfishingpassion.fr\\\/#\\\/schema\\\/logo\\\/image\\\/\",\"url\":\"https:\\\/\\\/flyfishingpassion.fr\\\/wp-content\\\/uploads\\\/2026\\\/02\\\/cropped-logo_png-sans-arriere-plan-1.png\",\"contentUrl\":\"https:\\\/\\\/flyfishingpassion.fr\\\/wp-content\\\/uploads\\\/2026\\\/02\\\/cropped-logo_png-sans-arriere-plan-1.png\",\"width\":610,\"height\":329,\"caption\":\"Lionel leveque\"},\"image\":{\"@id\":\"https:\\\/\\\/flyfishingpassion.fr\\\/#\\\/schema\\\/logo\\\/image\\\/\"}}]}<\/script>\n<!-- \/ Yoast SEO plugin. -->","yoast_head_json":{"title":"Tarifs guidage p\u00eache \u00e0 la mouche et nymphe au fil - Lionel leveque","description":"Lionel leveque moniteur guide de p\u00eache \u00e0 la mouche en Corr\u00e8ze, sur la Dordogne en vall\u00e9e Corr\u00e9zienne et Lotoise. Initiation, d\u00e9couverte...","robots":{"index":"index","follow":"follow","max-snippet":"max-snippet:-1","max-image-preview":"max-image-preview:large","max-video-preview":"max-video-preview:-1"},"canonical":"https:\/\/flyfishingpassion.fr\/?page_id=85","og_locale":"fr_FR","og_type":"article","og_title":"Tarifs guidage p\u00eache \u00e0 la mouche et nymphe au fil - Lionel leveque","og_description":"Lionel leveque moniteur guide de p\u00eache \u00e0 la mouche en Corr\u00e8ze, sur la Dordogne en vall\u00e9e Corr\u00e9zienne et Lotoise. Initiation, d\u00e9couverte...","og_url":"https:\/\/flyfishingpassion.fr\/?page_id=85","og_site_name":"Lionel leveque","article_modified_time":"2026-02-21T12:37:57+00:00","og_image":[{"width":900,"height":587,"url":"https:\/\/flyfishingpassion.fr\/wp-content\/uploads\/2026\/02\/truite-2-bis-webp.webp","type":"image\/webp"}],"twitter_card":"summary_large_image","twitter_misc":{"Dur\u00e9e de lecture estim\u00e9e":"2 minutes"},"schema":{"@context":"https:\/\/schema.org","@graph":[{"@type":"WebPage","@id":"https:\/\/flyfishingpassion.fr\/?page_id=85","url":"https:\/\/flyfishingpassion.fr\/?page_id=85","name":"Tarifs guidage p\u00eache \u00e0 la mouche et nymphe au fil - Lionel leveque","isPartOf":{"@id":"https:\/\/flyfishingpassion.fr\/#website"},"primaryImageOfPage":{"@id":"https:\/\/flyfishingpassion.fr\/?page_id=85#primaryimage"},"image":{"@id":"https:\/\/flyfishingpassion.fr\/?page_id=85#primaryimage"},"thumbnailUrl":"https:\/\/flyfishingpassion.fr\/wp-content\/uploads\/2026\/02\/truite-2-bis-webp.webp","datePublished":"2026-02-16T23:11:36+00:00","dateModified":"2026-02-21T12:37:57+00:00","description":"Lionel leveque moniteur guide de p\u00eache \u00e0 la mouche en Corr\u00e8ze, sur la Dordogne en vall\u00e9e Corr\u00e9zienne et Lotoise. Initiation, d\u00e9couverte...","breadcrumb":{"@id":"https:\/\/flyfishingpassion.fr\/?page_id=85#breadcrumb"},"inLanguage":"fr-FR","potentialAction":[{"@type":"ReadAction","target":["https:\/\/flyfishingpassion.fr\/?page_id=85"]}]},{"@type":"ImageObject","inLanguage":"fr-FR","@id":"https:\/\/flyfishingpassion.fr\/?page_id=85#primaryimage","url":"https:\/\/flyfishingpassion.fr\/wp-content\/uploads\/2026\/02\/truite-2-bis-webp.webp","contentUrl":"https:\/\/flyfishingpassion.fr\/wp-content\/uploads\/2026\/02\/truite-2-bis-webp.webp","width":900,"height":587},{"@type":"BreadcrumbList","@id":"https:\/\/flyfishingpassion.fr\/?page_id=85#breadcrumb","itemListElement":[{"@type":"ListItem","position":1,"name":"Accueil","item":"https:\/\/flyfishingpassion.fr\/"},{"@type":"ListItem","position":2,"name":"Tarifs guidage p\u00eache \u00e0 la mouche et nymphe au fil"}]},{"@type":"WebSite","@id":"https:\/\/flyfishingpassion.fr\/#website","url":"https:\/\/flyfishingpassion.fr\/","name":"Lionel leveque","description":"Moniteur guide de p\u00eache \u00e0 la mouche en Corr\u00e8ze","publisher":{"@id":"https:\/\/flyfishingpassion.fr\/#organization"},"potentialAction":[{"@type":"SearchAction","target":{"@type":"EntryPoint","urlTemplate":"https:\/\/flyfishingpassion.fr\/?s={search_term_string}"},"query-input":{"@type":"PropertyValueSpecification","valueRequired":true,"valueName":"search_term_string"}}],"inLanguage":"fr-FR"},{"@type":"Organization","@id":"https:\/\/flyfishingpassion.fr\/#organization","name":"Lionel leveque","url":"https:\/\/flyfishingpassion.fr\/","logo":{"@type":"ImageObject","inLanguage":"fr-FR","@id":"https:\/\/flyfishingpassion.fr\/#\/schema\/logo\/image\/","url":"https:\/\/flyfishingpassion.fr\/wp-content\/uploads\/2026\/02\/cropped-logo_png-sans-arriere-plan-1.png","contentUrl":"https:\/\/flyfishingpassion.fr\/wp-content\/uploads\/2026\/02\/cropped-logo_png-sans-arriere-plan-1.png","width":610,"height":329,"caption":"Lionel leveque"},"image":{"@id":"https:\/\/flyfishingpassion.fr\/#\/schema\/logo\/image\/"}}]}},"_links":{"self":[{"href":"https:\/\/flyfishingpassion.fr\/index.php?rest_route=\/wp\/v2\/pages\/85","targetHints":{"allow":["GET"]}}],"collection":[{"href":"https:\/\/flyfishingpassion.fr\/index.php?rest_route=\/wp\/v2\/pages"}],"about":[{"href":"https:\/\/flyfishingpassion.fr\/index.php?rest_route=\/wp\/v2\/types\/page"}],"author":[{"embeddable":true,"href":"https:\/\/flyfishingpassion.fr\/index.php?rest_route=\/wp\/v2\/users\/1"}],"replies":[{"embeddable":true,"href":"https:\/\/flyfishingpassion.fr\/index.php?rest_route=%2Fwp%2Fv2%2Fcomments&post=85"}],"version-history":[{"count":24,"href":"https:\/\/flyfishingpassion.fr\/index.php?rest_route=\/wp\/v2\/pages\/85\/revisions"}],"predecessor-version":[{"id":518,"href":"https:\/\/flyfishingpassion.fr\/index.php?rest_route=\/wp\/v2\/pages\/85\/revisions\/518"}],"wp:attachment":[{"href":"https:\/\/flyfishingpassion.fr\/index.php?rest_route=%2Fwp%2Fv2%2Fmedia&parent=85"}],"curies":[{"name":"wp","href":"https:\/\/api.w.org\/{rel}","templated":true}]}}