{"id":75,"date":"2026-02-16T23:09:07","date_gmt":"2026-02-16T23:09:07","guid":{"rendered":"https:\/\/flyfishingpassion.fr\/?page_id=75"},"modified":"2026-02-21T12:33:02","modified_gmt":"2026-02-21T12:33:02","slug":"guidage-peche-a-la-nymphe-au-fil","status":"publish","type":"page","link":"https:\/\/flyfishingpassion.fr\/?page_id=75","title":{"rendered":"Guidage p\u00eache \u00e0 la nymphe au fil"},"content":{"rendered":"\n<figure class=\"wp-block-image aligncenter size-full is-resized is-style-rounded\"><img loading=\"lazy\" decoding=\"async\" width=\"900\" height=\"613\" src=\"https:\/\/flyfishingpassion.fr\/wp-content\/uploads\/2026\/02\/truite-1-webp.webp\" alt=\"\" class=\"wp-image-139\" style=\"aspect-ratio:1.468222183527773;object-fit:cover;width:300px\" srcset=\"https:\/\/flyfishingpassion.fr\/wp-content\/uploads\/2026\/02\/truite-1-webp.webp 900w, https:\/\/flyfishingpassion.fr\/wp-content\/uploads\/2026\/02\/truite-1-webp-300x204.webp 300w, https:\/\/flyfishingpassion.fr\/wp-content\/uploads\/2026\/02\/truite-1-webp-150x102.webp 150w, https:\/\/flyfishingpassion.fr\/wp-content\/uploads\/2026\/02\/truite-1-webp-768x523.webp 768w\" sizes=\"auto, (max-width: 900px) 100vw, 900px\" \/><\/figure>\n\n\n\n<div class=\"wp-block-columns has-ast-global-color-4-background-color has-text-color has-background has-link-color has-medium-font-size wp-elements-4baf05fec5a9fca80d1b515e5822f954 is-layout-flex wp-container-core-columns-is-layout-28f84493 wp-block-columns-is-layout-flex\" style=\"border-top-left-radius:50px;border-top-right-radius:50px;border-bottom-left-radius:50px;border-bottom-right-radius:50px;color:#2e2e2e\">\n<div class=\"wp-block-column is-layout-flow wp-block-column-is-layout-flow\">\n<p class=\"has-text-align-center\">Pr\u00e9sentation de ma prestation de guidage p\u00eache \u00e0 la nymphe au fil<\/p>\n\n\n\n<p class=\"has-text-align-center\">Ma prestation de guidage p\u00eache \u00e0 la nymphe au fil est sp\u00e9cialement con\u00e7ue pour les passionn\u00e9s souhaitant d\u00e9couvrir ou perfectionner cette technique. Que vous soyez novice ou p\u00eacheur exp\u00e9riment\u00e9, mon objectif est de vous offrir une exp\u00e9rience adapt\u00e9e \u00e0 votre niveau.<\/p>\n\n\n\n<p class=\"has-text-align-center\">Tout d&rsquo;abord, il est important de souligner que ma prestation s&rsquo;adapte \u00e0 vos besoins sp\u00e9cifiques. Si vous \u00eates d\u00e9butant, je vous initierai aux fondamentaux de la p\u00eache \u00e0 la nymphe au fil. Cela inclut la compr\u00e9hension du mat\u00e9riel sp\u00e9cifique, comme le choix des nymphes et du bas de ligne, ainsi que les techniques essentielles pour pr\u00e9senter la nymphe de mani\u00e8re naturelle et attractive.<\/p>\n\n\n\n<p class=\"has-text-align-center\">Si vous avez d\u00e9j\u00e0 une certaine exp\u00e9rience, je vous propose d\u2019approfondir votre ma\u00eetrise. Par exemple, nous pourrons travailler sur des aspects techniques tels que le contr\u00f4le de la d\u00e9rive, la gestion de la tension directe ou l\u2019identification des touches parfois subtiles. En parall\u00e8le, je partagerai avec vous mes astuces pour lire la rivi\u00e8re, comprendre les courants et rep\u00e9rer les zones o\u00f9 se tiennent les poissons.<\/p>\n\n\n\n<p class=\"has-text-align-center\">En somme, ma prestation de guidage en p\u00eache \u00e0 la nymphe au fil allie apprentissage, pratique et convivialit\u00e9. Que vous souhaitiez d\u00e9couvrir cette technique ou affiner vos comp\u00e9tences, je m&rsquo;engage \u00e0 vous transmettre mon savoir-faire et \u00e0 vous guider vers des exp\u00e9riences de p\u00eache r\u00e9ussies, dans un cadre naturel exceptionnel.<\/p>\n\n\n\n<div class=\"wp-block-buttons is-content-justification-center is-layout-flex wp-container-core-buttons-is-layout-a89b3969 wp-block-buttons-is-layout-flex\">\n<div class=\"wp-block-button\"><a class=\"wp-block-button__link has-text-align-center wp-element-button\" href=\"https:\/\/flyfishingpassion.fr\/?page_id=85\">Tarifs<\/a><\/div>\n<\/div>\n\n\n\n<p>lionel leveque, votre moniteur guide de p\u00eache<\/p>\n<\/div>\n<\/div>\n","protected":false},"excerpt":{"rendered":"<p>Pr\u00e9sentation de ma prestation de guidage p\u00eache \u00e0 la nymphe au fil Ma prestation de guidage p\u00eache \u00e0 la nymphe [&hellip;]<\/p>\n","protected":false},"author":1,"featured_media":0,"parent":0,"menu_order":0,"comment_status":"closed","ping_status":"closed","template":"","meta":{"site-sidebar-layout":"default","site-content-layout":"","ast-site-content-layout":"default","site-content-style":"default","site-sidebar-style":"default","ast-global-header-display":"","ast-banner-title-visibility":"","ast-main-header-display":"","ast-hfb-above-header-display":"","ast-hfb-below-header-display":"","ast-hfb-mobile-header-display":"","site-post-title":"","ast-breadcrumbs-content":"","ast-featured-img":"","footer-sml-layout":"","ast-disable-related-posts":"","theme-transparent-header-meta":"","adv-header-id-meta":"","stick-header-meta":"","header-above-stick-meta":"","header-main-stick-meta":"","header-below-stick-meta":"","astra-migrate-meta-layouts":"default","ast-page-background-enabled":"default","ast-page-background-meta":{"desktop":{"background-color":"var(--ast-global-color-5)","background-image":"","background-repeat":"repeat","background-position":"center center","background-size":"auto","background-attachment":"scroll","background-type":"","background-media":"","overlay-type":"","overlay-color":"","overlay-opacity":"","overlay-gradient":""},"tablet":{"background-color":"","background-image":"","background-repeat":"repeat","background-position":"center center","background-size":"auto","background-attachment":"scroll","background-type":"","background-media":"","overlay-type":"","overlay-color":"","overlay-opacity":"","overlay-gradient":""},"mobile":{"background-color":"","background-image":"","background-repeat":"repeat","background-position":"center center","background-size":"auto","background-attachment":"scroll","background-type":"","background-media":"","overlay-type":"","overlay-color":"","overlay-opacity":"","overlay-gradient":""}},"ast-content-background-meta":{"desktop":{"background-color":"var(--ast-global-color-4)","background-image":"","background-repeat":"repeat","background-position":"center center","background-size":"auto","background-attachment":"scroll","background-type":"","background-media":"","overlay-type":"","overlay-color":"","overlay-opacity":"","overlay-gradient":""},"tablet":{"background-color":"var(--ast-global-color-4)","background-image":"","background-repeat":"repeat","background-position":"center center","background-size":"auto","background-attachment":"scroll","background-type":"","background-media":"","overlay-type":"","overlay-color":"","overlay-opacity":"","overlay-gradient":""},"mobile":{"background-color":"var(--ast-global-color-4)","background-image":"","background-repeat":"repeat","background-position":"center center","background-size":"auto","background-attachment":"scroll","background-type":"","background-media":"","overlay-type":"","overlay-color":"","overlay-opacity":"","overlay-gradient":""}},"footnotes":""},"class_list":["post-75","page","type-page","status-publish","hentry"],"yoast_head":"<!-- This site is optimized with the Yoast SEO plugin v27.3 - https:\/\/yoast.com\/product\/yoast-seo-wordpress\/ -->\n<title>Guidage p\u00eache \u00e0 la nymphe au fil - Lionel leveque<\/title>\n<meta name=\"description\" content=\"Lionel leveque moniteur guide de p\u00eache \u00e0 la mouche en Corr\u00e8ze, sur la Dordogne en vall\u00e9e Corr\u00e9zienne et Lotoise. Initiation, d\u00e9couverte...\" \/>\n<meta name=\"robots\" content=\"index, follow, max-snippet:-1, max-image-preview:large, max-video-preview:-1\" \/>\n<link rel=\"canonical\" href=\"https:\/\/flyfishingpassion.fr\/?page_id=75\" \/>\n<meta property=\"og:locale\" content=\"fr_FR\" \/>\n<meta property=\"og:type\" content=\"article\" \/>\n<meta property=\"og:title\" content=\"Guidage p\u00eache \u00e0 la nymphe au fil - Lionel leveque\" \/>\n<meta property=\"og:description\" content=\"Lionel leveque moniteur guide de p\u00eache \u00e0 la mouche en Corr\u00e8ze, sur la Dordogne en vall\u00e9e Corr\u00e9zienne et Lotoise. Initiation, d\u00e9couverte...\" \/>\n<meta property=\"og:url\" content=\"https:\/\/flyfishingpassion.fr\/?page_id=75\" \/>\n<meta property=\"og:site_name\" content=\"Lionel leveque\" \/>\n<meta property=\"article:modified_time\" content=\"2026-02-21T12:33:02+00:00\" \/>\n<meta property=\"og:image\" content=\"https:\/\/flyfishingpassion.fr\/wp-content\/uploads\/2026\/02\/truite-1-webp.webp\" \/>\n\t<meta property=\"og:image:width\" content=\"900\" \/>\n\t<meta property=\"og:image:height\" content=\"613\" \/>\n\t<meta property=\"og:image:type\" content=\"image\/webp\" \/>\n<meta name=\"twitter:card\" content=\"summary_large_image\" \/>\n<meta name=\"twitter:label1\" content=\"Dur\u00e9e de lecture estim\u00e9e\" \/>\n\t<meta name=\"twitter:data1\" content=\"2 minutes\" \/>\n<script type=\"application\/ld+json\" class=\"yoast-schema-graph\">{\"@context\":\"https:\\\/\\\/schema.org\",\"@graph\":[{\"@type\":\"WebPage\",\"@id\":\"https:\\\/\\\/flyfishingpassion.fr\\\/?page_id=75\",\"url\":\"https:\\\/\\\/flyfishingpassion.fr\\\/?page_id=75\",\"name\":\"Guidage p\u00eache \u00e0 la nymphe au fil - Lionel leveque\",\"isPartOf\":{\"@id\":\"https:\\\/\\\/flyfishingpassion.fr\\\/#website\"},\"primaryImageOfPage\":{\"@id\":\"https:\\\/\\\/flyfishingpassion.fr\\\/?page_id=75#primaryimage\"},\"image\":{\"@id\":\"https:\\\/\\\/flyfishingpassion.fr\\\/?page_id=75#primaryimage\"},\"thumbnailUrl\":\"https:\\\/\\\/flyfishingpassion.fr\\\/wp-content\\\/uploads\\\/2026\\\/02\\\/truite-1-webp.webp\",\"datePublished\":\"2026-02-16T23:09:07+00:00\",\"dateModified\":\"2026-02-21T12:33:02+00:00\",\"description\":\"Lionel leveque moniteur guide de p\u00eache \u00e0 la mouche en Corr\u00e8ze, sur la Dordogne en vall\u00e9e Corr\u00e9zienne et Lotoise. Initiation, d\u00e9couverte...\",\"breadcrumb\":{\"@id\":\"https:\\\/\\\/flyfishingpassion.fr\\\/?page_id=75#breadcrumb\"},\"inLanguage\":\"fr-FR\",\"potentialAction\":[{\"@type\":\"ReadAction\",\"target\":[\"https:\\\/\\\/flyfishingpassion.fr\\\/?page_id=75\"]}]},{\"@type\":\"ImageObject\",\"inLanguage\":\"fr-FR\",\"@id\":\"https:\\\/\\\/flyfishingpassion.fr\\\/?page_id=75#primaryimage\",\"url\":\"https:\\\/\\\/flyfishingpassion.fr\\\/wp-content\\\/uploads\\\/2026\\\/02\\\/truite-1-webp.webp\",\"contentUrl\":\"https:\\\/\\\/flyfishingpassion.fr\\\/wp-content\\\/uploads\\\/2026\\\/02\\\/truite-1-webp.webp\",\"width\":900,\"height\":613},{\"@type\":\"BreadcrumbList\",\"@id\":\"https:\\\/\\\/flyfishingpassion.fr\\\/?page_id=75#breadcrumb\",\"itemListElement\":[{\"@type\":\"ListItem\",\"position\":1,\"name\":\"Accueil\",\"item\":\"https:\\\/\\\/flyfishingpassion.fr\\\/\"},{\"@type\":\"ListItem\",\"position\":2,\"name\":\"Guidage p\u00eache \u00e0 la nymphe au fil\"}]},{\"@type\":\"WebSite\",\"@id\":\"https:\\\/\\\/flyfishingpassion.fr\\\/#website\",\"url\":\"https:\\\/\\\/flyfishingpassion.fr\\\/\",\"name\":\"Lionel leveque\",\"description\":\"Moniteur guide de p\u00eache \u00e0 la mouche en Corr\u00e8ze\",\"publisher\":{\"@id\":\"https:\\\/\\\/flyfishingpassion.fr\\\/#organization\"},\"potentialAction\":[{\"@type\":\"SearchAction\",\"target\":{\"@type\":\"EntryPoint\",\"urlTemplate\":\"https:\\\/\\\/flyfishingpassion.fr\\\/?s={search_term_string}\"},\"query-input\":{\"@type\":\"PropertyValueSpecification\",\"valueRequired\":true,\"valueName\":\"search_term_string\"}}],\"inLanguage\":\"fr-FR\"},{\"@type\":\"Organization\",\"@id\":\"https:\\\/\\\/flyfishingpassion.fr\\\/#organization\",\"name\":\"Lionel leveque\",\"url\":\"https:\\\/\\\/flyfishingpassion.fr\\\/\",\"logo\":{\"@type\":\"ImageObject\",\"inLanguage\":\"fr-FR\",\"@id\":\"https:\\\/\\\/flyfishingpassion.fr\\\/#\\\/schema\\\/logo\\\/image\\\/\",\"url\":\"https:\\\/\\\/flyfishingpassion.fr\\\/wp-content\\\/uploads\\\/2026\\\/02\\\/cropped-logo_png-sans-arriere-plan-1.png\",\"contentUrl\":\"https:\\\/\\\/flyfishingpassion.fr\\\/wp-content\\\/uploads\\\/2026\\\/02\\\/cropped-logo_png-sans-arriere-plan-1.png\",\"width\":610,\"height\":329,\"caption\":\"Lionel leveque\"},\"image\":{\"@id\":\"https:\\\/\\\/flyfishingpassion.fr\\\/#\\\/schema\\\/logo\\\/image\\\/\"}}]}<\/script>\n<!-- \/ Yoast SEO plugin. -->","yoast_head_json":{"title":"Guidage p\u00eache \u00e0 la nymphe au fil - Lionel leveque","description":"Lionel leveque moniteur guide de p\u00eache \u00e0 la mouche en Corr\u00e8ze, sur la Dordogne en vall\u00e9e Corr\u00e9zienne et Lotoise. Initiation, d\u00e9couverte...","robots":{"index":"index","follow":"follow","max-snippet":"max-snippet:-1","max-image-preview":"max-image-preview:large","max-video-preview":"max-video-preview:-1"},"canonical":"https:\/\/flyfishingpassion.fr\/?page_id=75","og_locale":"fr_FR","og_type":"article","og_title":"Guidage p\u00eache \u00e0 la nymphe au fil - Lionel leveque","og_description":"Lionel leveque moniteur guide de p\u00eache \u00e0 la mouche en Corr\u00e8ze, sur la Dordogne en vall\u00e9e Corr\u00e9zienne et Lotoise. Initiation, d\u00e9couverte...","og_url":"https:\/\/flyfishingpassion.fr\/?page_id=75","og_site_name":"Lionel leveque","article_modified_time":"2026-02-21T12:33:02+00:00","og_image":[{"width":900,"height":613,"url":"https:\/\/flyfishingpassion.fr\/wp-content\/uploads\/2026\/02\/truite-1-webp.webp","type":"image\/webp"}],"twitter_card":"summary_large_image","twitter_misc":{"Dur\u00e9e de lecture estim\u00e9e":"2 minutes"},"schema":{"@context":"https:\/\/schema.org","@graph":[{"@type":"WebPage","@id":"https:\/\/flyfishingpassion.fr\/?page_id=75","url":"https:\/\/flyfishingpassion.fr\/?page_id=75","name":"Guidage p\u00eache \u00e0 la nymphe au fil - Lionel leveque","isPartOf":{"@id":"https:\/\/flyfishingpassion.fr\/#website"},"primaryImageOfPage":{"@id":"https:\/\/flyfishingpassion.fr\/?page_id=75#primaryimage"},"image":{"@id":"https:\/\/flyfishingpassion.fr\/?page_id=75#primaryimage"},"thumbnailUrl":"https:\/\/flyfishingpassion.fr\/wp-content\/uploads\/2026\/02\/truite-1-webp.webp","datePublished":"2026-02-16T23:09:07+00:00","dateModified":"2026-02-21T12:33:02+00:00","description":"Lionel leveque moniteur guide de p\u00eache \u00e0 la mouche en Corr\u00e8ze, sur la Dordogne en vall\u00e9e Corr\u00e9zienne et Lotoise. Initiation, d\u00e9couverte...","breadcrumb":{"@id":"https:\/\/flyfishingpassion.fr\/?page_id=75#breadcrumb"},"inLanguage":"fr-FR","potentialAction":[{"@type":"ReadAction","target":["https:\/\/flyfishingpassion.fr\/?page_id=75"]}]},{"@type":"ImageObject","inLanguage":"fr-FR","@id":"https:\/\/flyfishingpassion.fr\/?page_id=75#primaryimage","url":"https:\/\/flyfishingpassion.fr\/wp-content\/uploads\/2026\/02\/truite-1-webp.webp","contentUrl":"https:\/\/flyfishingpassion.fr\/wp-content\/uploads\/2026\/02\/truite-1-webp.webp","width":900,"height":613},{"@type":"BreadcrumbList","@id":"https:\/\/flyfishingpassion.fr\/?page_id=75#breadcrumb","itemListElement":[{"@type":"ListItem","position":1,"name":"Accueil","item":"https:\/\/flyfishingpassion.fr\/"},{"@type":"ListItem","position":2,"name":"Guidage p\u00eache \u00e0 la nymphe au fil"}]},{"@type":"WebSite","@id":"https:\/\/flyfishingpassion.fr\/#website","url":"https:\/\/flyfishingpassion.fr\/","name":"Lionel leveque","description":"Moniteur guide de p\u00eache \u00e0 la mouche en Corr\u00e8ze","publisher":{"@id":"https:\/\/flyfishingpassion.fr\/#organization"},"potentialAction":[{"@type":"SearchAction","target":{"@type":"EntryPoint","urlTemplate":"https:\/\/flyfishingpassion.fr\/?s={search_term_string}"},"query-input":{"@type":"PropertyValueSpecification","valueRequired":true,"valueName":"search_term_string"}}],"inLanguage":"fr-FR"},{"@type":"Organization","@id":"https:\/\/flyfishingpassion.fr\/#organization","name":"Lionel leveque","url":"https:\/\/flyfishingpassion.fr\/","logo":{"@type":"ImageObject","inLanguage":"fr-FR","@id":"https:\/\/flyfishingpassion.fr\/#\/schema\/logo\/image\/","url":"https:\/\/flyfishingpassion.fr\/wp-content\/uploads\/2026\/02\/cropped-logo_png-sans-arriere-plan-1.png","contentUrl":"https:\/\/flyfishingpassion.fr\/wp-content\/uploads\/2026\/02\/cropped-logo_png-sans-arriere-plan-1.png","width":610,"height":329,"caption":"Lionel leveque"},"image":{"@id":"https:\/\/flyfishingpassion.fr\/#\/schema\/logo\/image\/"}}]}},"_links":{"self":[{"href":"https:\/\/flyfishingpassion.fr\/index.php?rest_route=\/wp\/v2\/pages\/75","targetHints":{"allow":["GET"]}}],"collection":[{"href":"https:\/\/flyfishingpassion.fr\/index.php?rest_route=\/wp\/v2\/pages"}],"about":[{"href":"https:\/\/flyfishingpassion.fr\/index.php?rest_route=\/wp\/v2\/types\/page"}],"author":[{"embeddable":true,"href":"https:\/\/flyfishingpassion.fr\/index.php?rest_route=\/wp\/v2\/users\/1"}],"replies":[{"embeddable":true,"href":"https:\/\/flyfishingpassion.fr\/index.php?rest_route=%2Fwp%2Fv2%2Fcomments&post=75"}],"version-history":[{"count":12,"href":"https:\/\/flyfishingpassion.fr\/index.php?rest_route=\/wp\/v2\/pages\/75\/revisions"}],"predecessor-version":[{"id":551,"href":"https:\/\/flyfishingpassion.fr\/index.php?rest_route=\/wp\/v2\/pages\/75\/revisions\/551"}],"wp:attachment":[{"href":"https:\/\/flyfishingpassion.fr\/index.php?rest_route=%2Fwp%2Fv2%2Fmedia&parent=75"}],"curies":[{"name":"wp","href":"https:\/\/api.w.org\/{rel}","templated":true}]}}