{"id":73,"date":"2026-02-16T23:08:40","date_gmt":"2026-02-16T23:08:40","guid":{"rendered":"https:\/\/flyfishingpassion.fr\/?page_id=73"},"modified":"2026-02-21T12:32:35","modified_gmt":"2026-02-21T12:32:35","slug":"guidage-peche-a-la-mouche","status":"publish","type":"page","link":"https:\/\/flyfishingpassion.fr\/?page_id=73","title":{"rendered":"Guidage p\u00eache \u00e0 la mouche"},"content":{"rendered":"\n<figure class=\"wp-block-image aligncenter size-full is-resized is-style-rounded\"><img loading=\"lazy\" decoding=\"async\" width=\"900\" height=\"587\" src=\"https:\/\/flyfishingpassion.fr\/wp-content\/uploads\/2026\/02\/truite-2-bis-webp.webp\" alt=\"\" class=\"wp-image-131\" style=\"aspect-ratio:1.5332808811959087;object-fit:cover;width:300px\" srcset=\"https:\/\/flyfishingpassion.fr\/wp-content\/uploads\/2026\/02\/truite-2-bis-webp.webp 900w, https:\/\/flyfishingpassion.fr\/wp-content\/uploads\/2026\/02\/truite-2-bis-webp-300x196.webp 300w, https:\/\/flyfishingpassion.fr\/wp-content\/uploads\/2026\/02\/truite-2-bis-webp-150x98.webp 150w, https:\/\/flyfishingpassion.fr\/wp-content\/uploads\/2026\/02\/truite-2-bis-webp-768x501.webp 768w\" sizes=\"auto, (max-width: 900px) 100vw, 900px\" \/><\/figure>\n\n\n\n<div class=\"wp-block-columns has-ast-global-color-4-background-color has-text-color has-background has-link-color has-medium-font-size wp-elements-80e6df5a1c23109393bb8a3f60f97821 is-layout-flex wp-container-core-columns-is-layout-28f84493 wp-block-columns-is-layout-flex\" style=\"border-top-left-radius:50px;border-top-right-radius:50px;border-bottom-left-radius:50px;border-bottom-right-radius:50px;color:#2e2e2e\">\n<div class=\"wp-block-column is-layout-flow wp-block-column-is-layout-flow\">\n<p class=\"has-text-align-center\">Pr\u00e9sentation de ma prestation de guidage p\u00eache \u00e0 la mouche<\/p>\n\n\n\n<p class=\"has-text-align-center\">Ma prestation de guidage p\u00eache \u00e0 la mouche est con\u00e7ue pour offrir une exp\u00e9rience unique, enrichissante et adapt\u00e9e \u00e0 tous les niveaux, que vous soyez d\u00e9butant ou p\u00eacheur exp\u00e9riment\u00e9. \u00c0 travers un accompagnement personnalis\u00e9, je vous propose de d\u00e9couvrir ou d\u2019approfondir cette discipline \u00e9l\u00e9gante et technique, tout en profitant de moments privil\u00e9gi\u00e9s en pleine nature.<\/p>\n\n\n\n<p class=\"has-text-align-center\">Tout d\u2019abord, il est essentiel de souligner que ma prestation s\u2019adapte \u00e0 vos besoins et vos attentes. Si vous \u00eates d\u00e9butant, je mets l\u2019accent sur les bases indispensables, la d\u00e9couverte du mat\u00e9riel, l\u2019apprentissage du lancer et la compr\u00e9hension des insectes qui constituent la base de l\u2019\u00e9cosyst\u00e8me. Ainsi, vous serez rapidement en mesure de p\u00eacher en autonomie et de savourer vos premi\u00e8res prises.<\/p>\n\n\n\n<p class=\"has-text-align-center\">En revanche, si vous \u00eates un p\u00eacheur confirm\u00e9, mon r\u00f4le sera d\u2019affiner vos techniques.<\/p>\n\n\n\n<p class=\"has-text-align-center\">Ma prestation se distingue par une approche sur mesure. Avant chaque sortie, nous prenons le temps de d\u00e9finir vos objectifs, souhaitez-vous am\u00e9liorer votre lancer, explorer de nouvelles techniques, en fonction de vos envies, je propose un plan d\u2019action clair et adapt\u00e9.<\/p>\n\n\n\n<p class=\"has-text-align-center\">Par ailleurs, j&rsquo;accorde une attention particuli\u00e8re \u00e0 la p\u00e9dagogie et \u00e0 la convivialit\u00e9. Je suis l\u00e0 pour r\u00e9pondre \u00e0 toutes vos questions, partager mes astuces et vous transmettre ma passion pour la p\u00eache \u00e0 la mouche.<\/p>\n\n\n\n<p class=\"has-text-align-center\">En somme, ma prestation de guidage p\u00eache \u00e0 la mouche vous offre bien plus qu\u2019une simple journ\u00e9e de p\u00eache. Gr\u00e2ce \u00e0 un accompagnement personnalis\u00e9, une expertise technique et un cadre naturel d\u2019exception, vous repartirez avec de nouveaux savoir-faire, des souvenirs m\u00e9morables et, surtout, l\u2019envie de continuer \u00e0 explorer cet art.<\/p>\n\n\n\n<div class=\"wp-block-buttons is-content-justification-center is-layout-flex wp-container-core-buttons-is-layout-a89b3969 wp-block-buttons-is-layout-flex\">\n<div class=\"wp-block-button\"><a class=\"wp-block-button__link has-text-align-center wp-element-button\" href=\"https:\/\/flyfishingpassion.fr\/?page_id=85\">Tarifs<\/a><\/div>\n<\/div>\n\n\n\n<p>lionel leveque, votre moniteur guide de p\u00eache<\/p>\n<\/div>\n<\/div>\n","protected":false},"excerpt":{"rendered":"<p>Pr\u00e9sentation de ma prestation de guidage p\u00eache \u00e0 la mouche Ma prestation de guidage p\u00eache \u00e0 la mouche est con\u00e7ue [&hellip;]<\/p>\n","protected":false},"author":1,"featured_media":0,"parent":0,"menu_order":0,"comment_status":"closed","ping_status":"closed","template":"","meta":{"site-sidebar-layout":"default","site-content-layout":"","ast-site-content-layout":"default","site-content-style":"default","site-sidebar-style":"default","ast-global-header-display":"","ast-banner-title-visibility":"","ast-main-header-display":"","ast-hfb-above-header-display":"","ast-hfb-below-header-display":"","ast-hfb-mobile-header-display":"","site-post-title":"","ast-breadcrumbs-content":"","ast-featured-img":"","footer-sml-layout":"","ast-disable-related-posts":"","theme-transparent-header-meta":"","adv-header-id-meta":"","stick-header-meta":"","header-above-stick-meta":"","header-main-stick-meta":"","header-below-stick-meta":"","astra-migrate-meta-layouts":"default","ast-page-background-enabled":"default","ast-page-background-meta":{"desktop":{"background-color":"var(--ast-global-color-5)","background-image":"","background-repeat":"repeat","background-position":"center center","background-size":"auto","background-attachment":"scroll","background-type":"","background-media":"","overlay-type":"","overlay-color":"","overlay-opacity":"","overlay-gradient":""},"tablet":{"background-color":"","background-image":"","background-repeat":"repeat","background-position":"center center","background-size":"auto","background-attachment":"scroll","background-type":"","background-media":"","overlay-type":"","overlay-color":"","overlay-opacity":"","overlay-gradient":""},"mobile":{"background-color":"","background-image":"","background-repeat":"repeat","background-position":"center center","background-size":"auto","background-attachment":"scroll","background-type":"","background-media":"","overlay-type":"","overlay-color":"","overlay-opacity":"","overlay-gradient":""}},"ast-content-background-meta":{"desktop":{"background-color":"var(--ast-global-color-4)","background-image":"","background-repeat":"repeat","background-position":"center center","background-size":"auto","background-attachment":"scroll","background-type":"","background-media":"","overlay-type":"","overlay-color":"","overlay-opacity":"","overlay-gradient":""},"tablet":{"background-color":"var(--ast-global-color-4)","background-image":"","background-repeat":"repeat","background-position":"center center","background-size":"auto","background-attachment":"scroll","background-type":"","background-media":"","overlay-type":"","overlay-color":"","overlay-opacity":"","overlay-gradient":""},"mobile":{"background-color":"var(--ast-global-color-4)","background-image":"","background-repeat":"repeat","background-position":"center center","background-size":"auto","background-attachment":"scroll","background-type":"","background-media":"","overlay-type":"","overlay-color":"","overlay-opacity":"","overlay-gradient":""}},"footnotes":""},"class_list":["post-73","page","type-page","status-publish","hentry"],"yoast_head":"<!-- This site is optimized with the Yoast SEO plugin v27.3 - https:\/\/yoast.com\/product\/yoast-seo-wordpress\/ -->\n<title>Guidage p\u00eache \u00e0 la mouche - Lionel leveque<\/title>\n<meta name=\"description\" content=\"Lionel leveque moniteur guide de p\u00eache \u00e0 la mouche en Corr\u00e8ze, sur la Dordogne en vall\u00e9e Corr\u00e9zienne et Lotoise. Initiation, d\u00e9couverte...\" \/>\n<meta name=\"robots\" content=\"index, follow, max-snippet:-1, max-image-preview:large, max-video-preview:-1\" \/>\n<link rel=\"canonical\" href=\"https:\/\/flyfishingpassion.fr\/?page_id=73\" \/>\n<meta property=\"og:locale\" content=\"fr_FR\" \/>\n<meta property=\"og:type\" content=\"article\" \/>\n<meta property=\"og:title\" content=\"Guidage p\u00eache \u00e0 la mouche - Lionel leveque\" \/>\n<meta property=\"og:description\" content=\"Lionel leveque moniteur guide de p\u00eache \u00e0 la mouche en Corr\u00e8ze, sur la Dordogne en vall\u00e9e Corr\u00e9zienne et Lotoise. Initiation, d\u00e9couverte...\" \/>\n<meta property=\"og:url\" content=\"https:\/\/flyfishingpassion.fr\/?page_id=73\" \/>\n<meta property=\"og:site_name\" content=\"Lionel leveque\" \/>\n<meta property=\"article:modified_time\" content=\"2026-02-21T12:32:35+00:00\" \/>\n<meta property=\"og:image\" content=\"https:\/\/flyfishingpassion.fr\/wp-content\/uploads\/2026\/02\/truite-2-bis-webp.webp\" \/>\n\t<meta property=\"og:image:width\" content=\"900\" \/>\n\t<meta property=\"og:image:height\" content=\"587\" \/>\n\t<meta property=\"og:image:type\" content=\"image\/webp\" \/>\n<meta name=\"twitter:card\" content=\"summary_large_image\" \/>\n<meta name=\"twitter:label1\" content=\"Dur\u00e9e de lecture estim\u00e9e\" \/>\n\t<meta name=\"twitter:data1\" content=\"2 minutes\" \/>\n<script type=\"application\/ld+json\" class=\"yoast-schema-graph\">{\"@context\":\"https:\\\/\\\/schema.org\",\"@graph\":[{\"@type\":\"WebPage\",\"@id\":\"https:\\\/\\\/flyfishingpassion.fr\\\/?page_id=73\",\"url\":\"https:\\\/\\\/flyfishingpassion.fr\\\/?page_id=73\",\"name\":\"Guidage p\u00eache \u00e0 la mouche - Lionel leveque\",\"isPartOf\":{\"@id\":\"https:\\\/\\\/flyfishingpassion.fr\\\/#website\"},\"primaryImageOfPage\":{\"@id\":\"https:\\\/\\\/flyfishingpassion.fr\\\/?page_id=73#primaryimage\"},\"image\":{\"@id\":\"https:\\\/\\\/flyfishingpassion.fr\\\/?page_id=73#primaryimage\"},\"thumbnailUrl\":\"https:\\\/\\\/flyfishingpassion.fr\\\/wp-content\\\/uploads\\\/2026\\\/02\\\/truite-2-bis-webp.webp\",\"datePublished\":\"2026-02-16T23:08:40+00:00\",\"dateModified\":\"2026-02-21T12:32:35+00:00\",\"description\":\"Lionel leveque moniteur guide de p\u00eache \u00e0 la mouche en Corr\u00e8ze, sur la Dordogne en vall\u00e9e Corr\u00e9zienne et Lotoise. Initiation, d\u00e9couverte...\",\"breadcrumb\":{\"@id\":\"https:\\\/\\\/flyfishingpassion.fr\\\/?page_id=73#breadcrumb\"},\"inLanguage\":\"fr-FR\",\"potentialAction\":[{\"@type\":\"ReadAction\",\"target\":[\"https:\\\/\\\/flyfishingpassion.fr\\\/?page_id=73\"]}]},{\"@type\":\"ImageObject\",\"inLanguage\":\"fr-FR\",\"@id\":\"https:\\\/\\\/flyfishingpassion.fr\\\/?page_id=73#primaryimage\",\"url\":\"https:\\\/\\\/flyfishingpassion.fr\\\/wp-content\\\/uploads\\\/2026\\\/02\\\/truite-2-bis-webp.webp\",\"contentUrl\":\"https:\\\/\\\/flyfishingpassion.fr\\\/wp-content\\\/uploads\\\/2026\\\/02\\\/truite-2-bis-webp.webp\",\"width\":900,\"height\":587},{\"@type\":\"BreadcrumbList\",\"@id\":\"https:\\\/\\\/flyfishingpassion.fr\\\/?page_id=73#breadcrumb\",\"itemListElement\":[{\"@type\":\"ListItem\",\"position\":1,\"name\":\"Accueil\",\"item\":\"https:\\\/\\\/flyfishingpassion.fr\\\/\"},{\"@type\":\"ListItem\",\"position\":2,\"name\":\"Guidage p\u00eache \u00e0 la mouche\"}]},{\"@type\":\"WebSite\",\"@id\":\"https:\\\/\\\/flyfishingpassion.fr\\\/#website\",\"url\":\"https:\\\/\\\/flyfishingpassion.fr\\\/\",\"name\":\"Lionel leveque\",\"description\":\"Moniteur guide de p\u00eache \u00e0 la mouche en Corr\u00e8ze\",\"publisher\":{\"@id\":\"https:\\\/\\\/flyfishingpassion.fr\\\/#organization\"},\"potentialAction\":[{\"@type\":\"SearchAction\",\"target\":{\"@type\":\"EntryPoint\",\"urlTemplate\":\"https:\\\/\\\/flyfishingpassion.fr\\\/?s={search_term_string}\"},\"query-input\":{\"@type\":\"PropertyValueSpecification\",\"valueRequired\":true,\"valueName\":\"search_term_string\"}}],\"inLanguage\":\"fr-FR\"},{\"@type\":\"Organization\",\"@id\":\"https:\\\/\\\/flyfishingpassion.fr\\\/#organization\",\"name\":\"Lionel leveque\",\"url\":\"https:\\\/\\\/flyfishingpassion.fr\\\/\",\"logo\":{\"@type\":\"ImageObject\",\"inLanguage\":\"fr-FR\",\"@id\":\"https:\\\/\\\/flyfishingpassion.fr\\\/#\\\/schema\\\/logo\\\/image\\\/\",\"url\":\"https:\\\/\\\/flyfishingpassion.fr\\\/wp-content\\\/uploads\\\/2026\\\/02\\\/cropped-logo_png-sans-arriere-plan-1.png\",\"contentUrl\":\"https:\\\/\\\/flyfishingpassion.fr\\\/wp-content\\\/uploads\\\/2026\\\/02\\\/cropped-logo_png-sans-arriere-plan-1.png\",\"width\":610,\"height\":329,\"caption\":\"Lionel leveque\"},\"image\":{\"@id\":\"https:\\\/\\\/flyfishingpassion.fr\\\/#\\\/schema\\\/logo\\\/image\\\/\"}}]}<\/script>\n<!-- \/ Yoast SEO plugin. -->","yoast_head_json":{"title":"Guidage p\u00eache \u00e0 la mouche - Lionel leveque","description":"Lionel leveque moniteur guide de p\u00eache \u00e0 la mouche en Corr\u00e8ze, sur la Dordogne en vall\u00e9e Corr\u00e9zienne et Lotoise. Initiation, d\u00e9couverte...","robots":{"index":"index","follow":"follow","max-snippet":"max-snippet:-1","max-image-preview":"max-image-preview:large","max-video-preview":"max-video-preview:-1"},"canonical":"https:\/\/flyfishingpassion.fr\/?page_id=73","og_locale":"fr_FR","og_type":"article","og_title":"Guidage p\u00eache \u00e0 la mouche - Lionel leveque","og_description":"Lionel leveque moniteur guide de p\u00eache \u00e0 la mouche en Corr\u00e8ze, sur la Dordogne en vall\u00e9e Corr\u00e9zienne et Lotoise. Initiation, d\u00e9couverte...","og_url":"https:\/\/flyfishingpassion.fr\/?page_id=73","og_site_name":"Lionel leveque","article_modified_time":"2026-02-21T12:32:35+00:00","og_image":[{"width":900,"height":587,"url":"https:\/\/flyfishingpassion.fr\/wp-content\/uploads\/2026\/02\/truite-2-bis-webp.webp","type":"image\/webp"}],"twitter_card":"summary_large_image","twitter_misc":{"Dur\u00e9e de lecture estim\u00e9e":"2 minutes"},"schema":{"@context":"https:\/\/schema.org","@graph":[{"@type":"WebPage","@id":"https:\/\/flyfishingpassion.fr\/?page_id=73","url":"https:\/\/flyfishingpassion.fr\/?page_id=73","name":"Guidage p\u00eache \u00e0 la mouche - Lionel leveque","isPartOf":{"@id":"https:\/\/flyfishingpassion.fr\/#website"},"primaryImageOfPage":{"@id":"https:\/\/flyfishingpassion.fr\/?page_id=73#primaryimage"},"image":{"@id":"https:\/\/flyfishingpassion.fr\/?page_id=73#primaryimage"},"thumbnailUrl":"https:\/\/flyfishingpassion.fr\/wp-content\/uploads\/2026\/02\/truite-2-bis-webp.webp","datePublished":"2026-02-16T23:08:40+00:00","dateModified":"2026-02-21T12:32:35+00:00","description":"Lionel leveque moniteur guide de p\u00eache \u00e0 la mouche en Corr\u00e8ze, sur la Dordogne en vall\u00e9e Corr\u00e9zienne et Lotoise. Initiation, d\u00e9couverte...","breadcrumb":{"@id":"https:\/\/flyfishingpassion.fr\/?page_id=73#breadcrumb"},"inLanguage":"fr-FR","potentialAction":[{"@type":"ReadAction","target":["https:\/\/flyfishingpassion.fr\/?page_id=73"]}]},{"@type":"ImageObject","inLanguage":"fr-FR","@id":"https:\/\/flyfishingpassion.fr\/?page_id=73#primaryimage","url":"https:\/\/flyfishingpassion.fr\/wp-content\/uploads\/2026\/02\/truite-2-bis-webp.webp","contentUrl":"https:\/\/flyfishingpassion.fr\/wp-content\/uploads\/2026\/02\/truite-2-bis-webp.webp","width":900,"height":587},{"@type":"BreadcrumbList","@id":"https:\/\/flyfishingpassion.fr\/?page_id=73#breadcrumb","itemListElement":[{"@type":"ListItem","position":1,"name":"Accueil","item":"https:\/\/flyfishingpassion.fr\/"},{"@type":"ListItem","position":2,"name":"Guidage p\u00eache \u00e0 la mouche"}]},{"@type":"WebSite","@id":"https:\/\/flyfishingpassion.fr\/#website","url":"https:\/\/flyfishingpassion.fr\/","name":"Lionel leveque","description":"Moniteur guide de p\u00eache \u00e0 la mouche en Corr\u00e8ze","publisher":{"@id":"https:\/\/flyfishingpassion.fr\/#organization"},"potentialAction":[{"@type":"SearchAction","target":{"@type":"EntryPoint","urlTemplate":"https:\/\/flyfishingpassion.fr\/?s={search_term_string}"},"query-input":{"@type":"PropertyValueSpecification","valueRequired":true,"valueName":"search_term_string"}}],"inLanguage":"fr-FR"},{"@type":"Organization","@id":"https:\/\/flyfishingpassion.fr\/#organization","name":"Lionel leveque","url":"https:\/\/flyfishingpassion.fr\/","logo":{"@type":"ImageObject","inLanguage":"fr-FR","@id":"https:\/\/flyfishingpassion.fr\/#\/schema\/logo\/image\/","url":"https:\/\/flyfishingpassion.fr\/wp-content\/uploads\/2026\/02\/cropped-logo_png-sans-arriere-plan-1.png","contentUrl":"https:\/\/flyfishingpassion.fr\/wp-content\/uploads\/2026\/02\/cropped-logo_png-sans-arriere-plan-1.png","width":610,"height":329,"caption":"Lionel leveque"},"image":{"@id":"https:\/\/flyfishingpassion.fr\/#\/schema\/logo\/image\/"}}]}},"_links":{"self":[{"href":"https:\/\/flyfishingpassion.fr\/index.php?rest_route=\/wp\/v2\/pages\/73","targetHints":{"allow":["GET"]}}],"collection":[{"href":"https:\/\/flyfishingpassion.fr\/index.php?rest_route=\/wp\/v2\/pages"}],"about":[{"href":"https:\/\/flyfishingpassion.fr\/index.php?rest_route=\/wp\/v2\/types\/page"}],"author":[{"embeddable":true,"href":"https:\/\/flyfishingpassion.fr\/index.php?rest_route=\/wp\/v2\/users\/1"}],"replies":[{"embeddable":true,"href":"https:\/\/flyfishingpassion.fr\/index.php?rest_route=%2Fwp%2Fv2%2Fcomments&post=73"}],"version-history":[{"count":12,"href":"https:\/\/flyfishingpassion.fr\/index.php?rest_route=\/wp\/v2\/pages\/73\/revisions"}],"predecessor-version":[{"id":550,"href":"https:\/\/flyfishingpassion.fr\/index.php?rest_route=\/wp\/v2\/pages\/73\/revisions\/550"}],"wp:attachment":[{"href":"https:\/\/flyfishingpassion.fr\/index.php?rest_route=%2Fwp%2Fv2%2Fmedia&parent=73"}],"curies":[{"name":"wp","href":"https:\/\/api.w.org\/{rel}","templated":true}]}}